{"id":1116,"date":"2022-11-12T07:03:21","date_gmt":"2022-11-12T07:03:21","guid":{"rendered":"http:\/\/montlhery-stetten-akm.eu\/?page_id=1116"},"modified":"2022-11-12T14:52:06","modified_gmt":"2022-11-12T14:52:06","slug":"1116-2","status":"publish","type":"page","link":"http:\/\/montlhery-stetten-akm.eu\/de_DE\/1116-2","title":{"rendered":"Ansprache des Montlh\u00e9ry B\u00fcrgermeisters Claude PONS"},"content":{"rendered":"<p>Sehr<br \/>\n geehrter B\u00fcrgermeister LEHN,<\/p>\n<p>Sehr<br \/>\n geehrte Damen und Herren gew\u00e4hlte Gemeinderat,<br \/>\nMeine Damen und Herren,<br \/>\nLiebe Freunde,<\/p>\n<p>Ich m\u00f6chte Ihnen und dem Partnerschaftsausschuss f\u00fcr Ihren Empfang und die angenehmen gemeinsamen Momente danken.<\/p>\n<p>Ich wende mich heute Abend nicht ohne eine gewisse Emotion an Sie..<\/p>\n<p>Dieses Gef\u00fchl empfinde ich, weil der Weg, den wir gemeisam zwischen unseren beiden L\u00e4ndern und insbesondere zwischen unseren beiden St\u00e4dten von 1982 bis heute zur\u00fcckgelegt haben, enth\u00e4lt die Kraft der Freundschaft, den Reichtum des Austausches, das oft bewegende Zeugnis menschlicher Beziehungen, die Geschichte in der Geschichte sind. In der Tat entsteht durch Partnerschaften gegenseitiger Respekt, Verst\u00e4ndnis und Wertsch\u00e4tzung zwischen den V\u00f6lkern. Die Hauptsache ist, dass alle in guter Harmonie leben k\u00f6nnen, unabh\u00e4ngig von unseren Sprachen und Br\u00e4uchen<\/p>\n<p>Und doch wissen Sie, dass die \u00e4lteste anerkannte Form der St\u00e4dtepartnerschaft in Europa aus dem Jahr 836 stammt, obwohl es sich nur um eine religi\u00f6se Beziehung zwischen der franz\u00f6sischen Stadt Le Mans und der deutschen Stadt Paderborn handelte, die \u00fcbrigens 1967 durch eine s\u00e4kulare St\u00e4dtepartnerschaft konkretisiert wurde. Frankreich klassifiziert sich mit seinen rund 17 000 St\u00e4dtepartnerschaften als das zweitgr\u00f6\u00dfte europ\u00e4ische Land nach\u00a0 Deutschland. Wir konnten also nur gezwungenweise gut zusammenarbeiten.<\/p>\n<p>Auch m\u00f6chte ich einen dankbaren Gedanken an diejenigen richten, die am Ursprung der Verbindung stehen, die unsere beiden St\u00e4dte verbindet und die so viel dazu beigetragen haben, diese Beziehung in jeder unserer Begegnungen zu einem Moment des Teilens, der Br\u00fcderlichkeit und der Authentizit\u00e4t zu machen: Herr LUPFER und Herr PICARD B\u00fcrgermeister unserer Gemeinden im Jahre 1982, die sich f\u00fcr diese St\u00e4dtepartnerschaft eingesetzt und den ersten Akt unterzeichnet haben.<\/p>\n<p>Eine St\u00e4dtepartnerschaft ist as General de Gaulle und Bundeskanzler Adenauer 1963 gemeinsam anstrebten, die Urheber der Gr\u00fcndungsakte unseres Europas und die den Elys\u00e9e-Vertrag unterzeichneten, damit die deutsch-franz\u00f6sische Zusammenarbeit Realit\u00e4t werde. Konrad Adenauer sagte: &#8220;<em>Die Einheit Europas war ein Traum von einigen . Sie ist zur Hoffnung vieler geworden; sie ist heute eine<\/em> Notwendigkeit f\u00fcr alle!&#8221; Deshalb k\u00f6nnen wir uns nur \u00fcber die freundschaftlichen Beziehungen freuen, die zwischen unseren beiden L\u00e4ndern seit mehreren Jahrzehnten bestehen.<\/p>\n<p>Der Jahrestag einer St\u00e4dtepartnerschaft ist ein Fest, aber es ist auch eine Zeit der Erinnerung und der Zukunft: es ist die Weitergabe eines Erbes. Und ich denke heute dankbar an diejenigen, die seit Beginn dieser Verbindung zwischen unseren beiden St\u00e4dten zur Ann\u00e4herung beigetragen haben und Jahr f\u00fcr Jahr daran gearbeitet haben, dieses Erbe aufzubauen. Ich danke allen, die noch heute daran arbeiten, diese Verbindung zwischen Montlh\u00e9ry und Stetten aufrechtzuerhalten, sowohl in den Partnerschaftsaussch\u00fcssen als auch in allen Verb\u00e4nden der beiden St\u00e4dte, die einen Austausch Reisen oder sportliche Aktivit\u00e4ten\u00a0 organisieren und erhalten so, diese Verbindung aufrecht.<\/p>\n<p>Die deutsch-franz\u00f6sische Freundschaft ist fest und lebendig. Zwei Jahre gesundheitliche Einschr\u00e4nkungen haben unsere Bewegungsfreiheit behindert. Zum Gl\u00fcck haben sie unsere br\u00fcderliche Verbindungen nicht eingeschr\u00e4nkt. Dieses Jubil\u00e4um heute abend zeugt davon. 40 Jahre ist die Kraft des Alters, wir haben noch so viel gemeinsam zu tun. Glauben wir an unsere best\u00e4ndige Freundschaft.<\/p>\n<p>Herzlichen Gl\u00fcckwunsch zu unserer deutsch-franz\u00f6sischen St\u00e4dtepartnerschaft. Ich habe gelesen, dass man f\u00fcr eine gute St\u00e4dtepartnerschaft zuerst den richtigen Partner finden muss. Wir hatten das Gl\u00fcck, dass uns diese charmante Stadt auf der Schw\u00e4bischen Alb angeboten wurde. Es lebe Stetten, es lebe die deutsch-franz\u00f6sische Freundschaft, es lebe das freie und souver\u00e4ne Europa. Es lebe die in Vielfalt vereinte Europ\u00e4ische Gemeinschaft!<\/p>\n<p>Und heute Abend kann ich abschlie\u00dfend sagen:<\/p>\n<p>\u00abIch bin ein Stettener! \u00bb<\/p>\n","protected":false},"excerpt":{"rendered":"<p>Sehr geehrter B\u00fcrgermeister LEHN,<br \/>\nSehr geehrte Damen und Herren gew\u00e4hlte Gemeinderat,<br \/>\nMeine Damen und Herren,<br \/>\nLiebe Freunde,<\/p>\n<p>Ich m\u00f6chte Ihnen und dem Partnerschaftsausschuss f\u00fcr Ihren Empfang und die angenehmen gemeinsamen Momente danken.<\/p>\n<p>Ic&#8230;<\/p>\n","protected":false},"author":1,"featured_media":0,"parent":0,"menu_order":0,"comment_status":"closed","ping_status":"closed","template":"","meta":[],"_links":{"self":[{"href":"http:\/\/montlhery-stetten-akm.eu\/de_DE\/wp-json\/wp\/v2\/pages\/1116"}],"collection":[{"href":"http:\/\/montlhery-stetten-akm.eu\/de_DE\/wp-json\/wp\/v2\/pages"}],"about":[{"href":"http:\/\/montlhery-stetten-akm.eu\/de_DE\/wp-json\/wp\/v2\/types\/page"}],"author":[{"embeddable":true,"href":"http:\/\/montlhery-stetten-akm.eu\/de_DE\/wp-json\/wp\/v2\/users\/1"}],"replies":[{"embeddable":true,"href":"http:\/\/montlhery-stetten-akm.eu\/de_DE\/wp-json\/wp\/v2\/comments?post=1116"}],"version-history":[{"count":10,"href":"http:\/\/montlhery-stetten-akm.eu\/de_DE\/wp-json\/wp\/v2\/pages\/1116\/revisions"}],"predecessor-version":[{"id":1141,"href":"http:\/\/montlhery-stetten-akm.eu\/de_DE\/wp-json\/wp\/v2\/pages\/1116\/revisions\/1141"}],"wp:attachment":[{"href":"http:\/\/montlhery-stetten-akm.eu\/de_DE\/wp-json\/wp\/v2\/media?parent=1116"}],"curies":[{"name":"wp","href":"https:\/\/api.w.org\/{rel}","templated":true}]}}