{"id":1135,"date":"2022-11-12T08:07:21","date_gmt":"2022-11-12T08:07:21","guid":{"rendered":"http:\/\/montlhery-stetten-akm.eu\/?page_id=1135"},"modified":"2022-11-24T07:58:17","modified_gmt":"2022-11-24T07:58:17","slug":"discours-de-monsieur-le-maire-de-stetten-a-k-m-maik-lehn","status":"publish","type":"page","link":"http:\/\/montlhery-stetten-akm.eu\/de_DE\/discours-de-monsieur-le-maire-de-stetten-a-k-m-maik-lehn","title":{"rendered":"Rede des B\u00fcrgermeisters von Stetten a. k. M. Maik LEHN"},"content":{"rendered":"<p>Sehr<br \/>\n geehrter B\u00fcrgermeisterkollege Pons,<br \/>sehr geehrte Damen und Herren der Gemeinder\u00e4te,<br \/>sehr geehrte Vertreter der Partnerschaftsaussch\u00fcsse,<br \/>sehr geehrte G\u00e4ste,<\/p>\n<p>in diesem Jahr d\u00fcrfen wir auf unsere 40-j\u00e4hrige St\u00e4dtepartnerschaft zwischen Montlh\u00e9ry und Stetten am kalten Markt zur\u00fcckblicken. Zu diesem vierzigsten Geburtstag unserer Partnerschaft und Freundschaft, darf ich uns allen sowie der gesamten Bev\u00f6lkerung unserer beiden Kommunen, sehr herzlich gratulieren.<\/p>\n<p>Die Wurzeln f\u00fcr das heutige Jubil\u00e4um wurden schon fr\u00fch gelegt. Auf europ\u00e4ischer Ebene waren es zun\u00e4chst De Gaulle und Adenauer sowie bereits f\u00fcnf Jahre nach dem verheerenden Weltkrieg im Jahr 1950, der damalige franz\u00f6sische Au\u00dfenminister Schuman, welche durch ihre \u00dcberlegungen die Grundlage f\u00fcr ein vereintes Europa sowie die heutige Freundschaft zwischen Frankreich und Deutschland eingeleitet haben.<\/p>\n<p>Erst einige Jahre sp\u00e4ter, im September 1978 wurden erste Kontakte zwischen der Stadt Montlh\u00e9ry und der Gemeinde Stetten am kalten Markt gekn\u00fcpft. An eine St\u00e4dtepartnerschaft war damals aber noch gar nicht gedacht.<\/p>\n<p>Viel mehr war es so, dass der Gemeinde Stetten am kalten Markt vier Gemeinden f\u00fcr eine Partnerschaft in Frankreich zur Auswahl standen. Ein Umstand, welcher der eine oder andere von Ihnen vielleicht gar nicht mehr wei\u00df.<\/p>\n<p>Ganz offensichtlich war aber bereits beim ersten Besuch in Montlh\u00e9ry und Stetten die gegenseitige Sympathie so gro\u00df, dass auf beiden Seiten der Boden f\u00fcr eine Jumelage sehr schnell bereitet werden konnte. Nach verschiedenen gegenseitigen Besuchen durch die offiziellen Delegationen, Vereine und Schulen, wurde am 29. Mai 1982 in Stetten am kalten Markt und am 12. September 1982 in Montlh\u00e9ry mit der Unterzeichnung der Verschwisterungsurkunden die Partnerschaft durch die damaligen B\u00fcrgermeister Maurice Picard und Horst Lupfer feierlich und offiziell begr\u00fcndet.<\/p>\n<p>An die Damen und Herren der ersten Stunde unseres heutigen 40-j\u00e4hrigen Jubil\u00e4ums der St\u00e4dtepartnerschaft zwischen Montlh\u00e9ry und Stetten am kalten Markt, m\u00f6chte ich an dieser Stelle in dankbarer Anerkennung erinnern.<\/p>\n<p>In den letzten vier Jahrzehnten fanden viele Begegnungen und Gespr\u00e4che zwischen den Mitgliedern der Partnerschaftsaussch\u00fcsse, den Mitb\u00fcrgerinnen und Mitb\u00fcrgern sowie den Vereinen und Organisationen statt, welche in vielf\u00e4ltigen Freundschaften und Kontakten m\u00fcndeten. Auch wenn in den letzten Jahren die gegenseitigen Besuche von Vereinen und Organisationen aus verschiedenen Gr\u00fcnden in der Anzahl leider etwas nachgelassen haben, besteht bis heute ein reger Informations- und Gedankenaustausch zwischen den beiden Partnerschaftsaussch\u00fcssen, Privatpersonen und den Gemeinden. Das jetzige 40-j\u00e4hrige Jubil\u00e4um wollen wir daher dazu nutzen, unsere bisherigen Freundschaften weiter zu intensivieren und zu verfestigen.<\/p>\n<p>Die Corona-Pandemie und die damit zusammenh\u00e4ngenden Kontaktbeschr\u00e4nkungen haben uns 77 Jahre nach Ende des zweiten Weltkrieges schmerzlich aufgezeigt, wie wichtig V\u00f6lkerverst\u00e4ndigung und gemeinsames handeln auch heute ist. Ein Virus macht nicht vor L\u00e4ndergrenzen Halt und nur wenn die Welt zusammenh\u00e4lt, k\u00f6nnen wir zuk\u00fcnftig solchen Pandemien und Bedrohungen gemeinsam widerstehen.<\/p>\n<p>Das andere beherrschende Thema, der derzeitige russische Angriffskrieg in der Ukraine, steht noch viel mehr f\u00fcr den tieferen Sinn der V\u00f6lkerverst\u00e4ndigung und unser gemeinsames Handeln f\u00fcr Frieden und Freiheit. Aus meiner Sicht ist es gerade heute mehr denn je wichtig, eine freundschaftliche Beziehung zu unseren Partnern und Freunden in Europa zu pflegen.<\/p>\n<p>Unseren beiden Partnerschaftsaussch\u00fcssen darf ich zu deren noch jungen Vereinsgeschichte sowie zu diesem Jubil\u00e4um im Namen des Gemeinderates, der B\u00fcrgerschaft aber auch ganz pers\u00f6nlich, sehr herzlich gratulieren. F\u00fcr die Zukunft w\u00fcnsche ich weiterhin viele sch\u00f6ne gemeinsame Begegnungen und Freundschaften zwischen unseren V\u00f6lkern. Die Partnerschaftsaussch\u00fcsse hei\u00dfe ich im \u201eSchwabenalter\u201c sehr herzlich willkommen!!!<\/p>\n<p>Mit meinen Gl\u00fcckw\u00fcnschen verbinde ich einen herzlichen Dank an alle Mitglieder der beiden Partnerschaftsaussch\u00fcsse f\u00fcr ihr gro\u00dfartiges Engagement in den vergangenen Jahren. M\u00f6ge die freundschaftliche Bande zwischen Montlh\u00e9ry und Stetten am kalten Markt nie abrei\u00dfen wollen.<\/p>\n<p>Dem Partnerschaftsausschuss von Montlh\u00e9ry sowie den Vertretern der Gemeinde, allen voran meinem Amtskollegen Claude Pons, darf ich im Anschluss an diese Festrede einen Karton mit verschiedenen badischen und w\u00fcrttembergischen Weinsorten aus unserem Bundesland \u00fcberreichen. Auch wir haben ausgezeichnete Weinreben, zwar nicht in Stetten, aber dar\u00fcberhinaus\u2026<\/p>\n<p>Mein weiterer Dank geht an alle, welche sich im Vorfeld der Organisation dieses Jubil\u00e4ums eingebracht haben. Ein herzlicher Dank an die beiden Mitglieder des Partnerschaftsausschusses, die Herren J\u00fcrgen Sieber und Oliver Beil, welche die letzten zehn Jahre der Partnerschaft aufgearbeitet und die bisherige Chronik von G\u00fcnther G. T\u00f6pfer um diese Jahre erweitert haben. F\u00fcr Sie alle liegen entsprechende Exemplare zur Mitnahme am Ausgang bereit.<\/p>\n<p>Was w\u00e4re unser Leben ohne Musik \u2013 richtig, es w\u00e4re nur halb so sch\u00f6n. Ich danke daher den Musikerinnen und Musikern des Collegium Musicale unter ihrem Dirigenten J\u00f6rg Burkhart f\u00fcr die musikalische Umrahmung dieses Festaktes.<\/p>\n<p>(Ein franz\u00f6sisches Sprichwort sagt: \u201eWir haben kein Erd\u00f6l, aber daf\u00fcr haben wir <strong>Ideen<\/strong>.\u201c<br \/>Lasst uns weiter an der <strong>Idee<\/strong> der deutsch\/franz\u00f6sischen Freundschaft arbeiten)<\/p>\n<p>Ich w\u00fcnsche uns nun allen einen weiterhin sch\u00f6nen Jubil\u00e4umsabend, viele pers\u00f6nliche Begegnungen und Erfahrungen \u00fcber die Grenzen hinweg und dem europ\u00e4ischen Gedanken eine starke Zukunft.<\/p>\n<p>Vielen Dank f\u00fcr Ihre Aufmerksamkeit<\/p>\n","protected":false},"excerpt":{"rendered":"<p>Sehr geehrter B\u00fcrgermeisterkollege Pons,<br \/>sehr geehrte Damen und Herren der Gemeinder\u00e4te,<br \/>sehr geehrte Vertreter der Partnerschaftsaussch\u00fcsse,<br \/>sehr geehrte G\u00e4ste,<\/p>\n<p>in diesem Jahr d\u00fcrfen wir auf unsere 40-j\u00e4hrige St\u00e4dtepartnersch&#8230;<\/p>\n","protected":false},"author":1,"featured_media":0,"parent":0,"menu_order":0,"comment_status":"closed","ping_status":"closed","template":"","meta":[],"_links":{"self":[{"href":"http:\/\/montlhery-stetten-akm.eu\/de_DE\/wp-json\/wp\/v2\/pages\/1135"}],"collection":[{"href":"http:\/\/montlhery-stetten-akm.eu\/de_DE\/wp-json\/wp\/v2\/pages"}],"about":[{"href":"http:\/\/montlhery-stetten-akm.eu\/de_DE\/wp-json\/wp\/v2\/types\/page"}],"author":[{"embeddable":true,"href":"http:\/\/montlhery-stetten-akm.eu\/de_DE\/wp-json\/wp\/v2\/users\/1"}],"replies":[{"embeddable":true,"href":"http:\/\/montlhery-stetten-akm.eu\/de_DE\/wp-json\/wp\/v2\/comments?post=1135"}],"version-history":[{"count":8,"href":"http:\/\/montlhery-stetten-akm.eu\/de_DE\/wp-json\/wp\/v2\/pages\/1135\/revisions"}],"predecessor-version":[{"id":1172,"href":"http:\/\/montlhery-stetten-akm.eu\/de_DE\/wp-json\/wp\/v2\/pages\/1135\/revisions\/1172"}],"wp:attachment":[{"href":"http:\/\/montlhery-stetten-akm.eu\/de_DE\/wp-json\/wp\/v2\/media?parent=1135"}],"curies":[{"name":"wp","href":"https:\/\/api.w.org\/{rel}","templated":true}]}}