{"id":60,"date":"2016-10-28T17:08:40","date_gmt":"2016-10-28T17:08:40","guid":{"rendered":"http:\/\/montlhery-stetten-akm.eu\/?page_id=60"},"modified":"2019-10-03T07:20:34","modified_gmt":"2019-10-03T07:20:34","slug":"die-partenrstadt","status":"publish","type":"page","link":"http:\/\/montlhery-stetten-akm.eu\/de_DE\/die-partenrstadt","title":{"rendered":"Die Partnerstadt"},"content":{"rendered":"<h1>Montlh\u00e9ry<\/h1>\n<p><img decoding=\"async\" loading=\"lazy\" class=\"size-medium wp-image-698 alignleft\" src=\"http:\/\/montlhery-stetten-akm.eu\/wp-content\/uploads\/2016\/10\/400px-Tour_de_Monthl\u00e9ry_-_2012-09-16_-_IMG_6736-200x300.jpg\" alt=\"\" width=\"200\" height=\"300\" srcset=\"http:\/\/montlhery-stetten-akm.eu\/wp-content\/uploads\/2016\/10\/400px-Tour_de_Monthl\u00e9ry_-_2012-09-16_-_IMG_6736-200x300.jpg 200w, http:\/\/montlhery-stetten-akm.eu\/wp-content\/uploads\/2016\/10\/400px-Tour_de_Monthl\u00e9ry_-_2012-09-16_-_IMG_6736.jpg 400w\" sizes=\"(max-width: 200px) 100vw, 200px\" \/>Montlh\u00e9ry, der Name erinnert uns an die &#8220;gro\u00dfen Stunden&#8221; der Autorennen im nahen &#8220;Autodrome&#8221;. Es ist eine Stadt, gepr\u00e4gt von der Geschichte, aber ausgerichtet in die Zukunft Das markanteste Symbol ist der Turm aus dem 11, Jahrhundert, der die Stadt \u00fcberragt. Mit seinen 7 280 Einwohnern, besitzt Montlhery immer noch den Charme einer kleinen Stadt, wo es sich gerne leben l\u00e4sst, wie die vielen Poeten, Maler und Staatsm\u00e4nner, die sich in Montlhery niederlie\u00dfen, beweisen. Die Geschichte unserer Stadt, die sowohl reich an architektonischen Zeugnissen, wie auch an Naturdenkm\u00e4lern ist, erschlie\u00dft sich am besten bei einem Rundgang. Vorbei am Stadtturm, dem Stadttor &#8220;Porte Baudry&#8221;, dem mittelalterlichen Gef\u00e4ngnis &#8220;La Pr\u00e9vot\u00e9&#8221;, das Rathaus oder der Kirche &#8220;Sainte-Trinit\u00e9&#8221; (Heiligen Dreifaltigkeit) entdecken Sie die Sch\u00e4tze unserer Stadt. Im Stadtzentrum,\u00a0das Rathaus\u00a0im Herrenhaus &#8220;de la Souche&#8221; mit seinem vom B\u00e4umen geschm\u00fcckten Park, laden B\u00e4nke zum Verweilen ein.<\/p>\n<p><img decoding=\"async\" loading=\"lazy\" class=\"alignnone size-large wp-image-749\" src=\"http:\/\/montlhery-stetten-akm.eu\/wp-content\/uploads\/2016\/10\/Mairie-1024x659.jpg\" alt=\"\" width=\"640\" height=\"412\" srcset=\"http:\/\/montlhery-stetten-akm.eu\/wp-content\/uploads\/2016\/10\/Mairie-1024x659.jpg 1024w, http:\/\/montlhery-stetten-akm.eu\/wp-content\/uploads\/2016\/10\/Mairie-300x193.jpg 300w, http:\/\/montlhery-stetten-akm.eu\/wp-content\/uploads\/2016\/10\/Mairie-768x495.jpg 768w, http:\/\/montlhery-stetten-akm.eu\/wp-content\/uploads\/2016\/10\/Mairie.jpg 1772w\" sizes=\"(max-width: 640px) 100vw, 640px\" \/>Von dort kann man den alten Stadtkern mit seinen gepflasterten schmalen Gassen erkunden, bevor man den H\u00fcgel zum Stadtturm . Genie\u00dfen Sie von diesen H\u00f6hen das wunderbare Panorama \u00fcber das Orge-Tal. Hier haben sich viele kleinere und gr\u00f6\u00dfere Unternehmen niedergelassen. Dies zeugt von der hervorragenden geografischen Lage Montlh\u00e9ry, vor den Toren von Paris 25 Kilometer). Mit den \u00f6ffentlichen Verkehrsmitteln wie RER (Stra\u00dfenbahn) oder dem Busnetz, ist der Flughafen von Orly in nur 20 Minuten zu erreichen. Mit diesem Verkehrsnetz bietet Montlhery hervorragende Bedingungen f\u00fcr ein vorteilhaftes Arbeitsleben. Diese \u00f6konomische Vielfaft, wird verst\u00e4rkt, durch ein reiches Vereinsleben. Ein zahlreiches Angebot von sportlichen, kulturellen und Freizeitaktivi-t\u00e4ten wartet auf Sie. Kommen und entdecken Sie auf Forum der Vereine\u00a0 den Reichtum unserer Vereine. Andere Festivit\u00e4ten wie Karneval, Tag des offenen Denkmals, &#8220;Fr\u00fchling der Poeten&#8221; oder auch das &#8220;Fest der Wissenschaft&#8221; sorgen f\u00fcr Kurzweil w\u00e4hrend des Jahres. Das &#8220;Maison du Patrimoine&#8221; (Haus des Kulturerbes) ist Ihnen gerne behilflich. <img decoding=\"async\" loading=\"lazy\" class=\"alignnone size-full wp-image-696\" src=\"http:\/\/montlhery-stetten-akm.eu\/wp-content\/uploads\/2016\/10\/Centre_Ville.jpg\" alt=\"\" width=\"2126\" height=\"1001\" srcset=\"http:\/\/montlhery-stetten-akm.eu\/wp-content\/uploads\/2016\/10\/Centre_Ville.jpg 2126w, http:\/\/montlhery-stetten-akm.eu\/wp-content\/uploads\/2016\/10\/Centre_Ville-300x141.jpg 300w, http:\/\/montlhery-stetten-akm.eu\/wp-content\/uploads\/2016\/10\/Centre_Ville-768x362.jpg 768w, http:\/\/montlhery-stetten-akm.eu\/wp-content\/uploads\/2016\/10\/Centre_Ville-1024x482.jpg 1024w\" sizes=\"(max-width: 2126px) 100vw, 2126px\" \/><\/p>\n","protected":false},"excerpt":{"rendered":"<h1>Montlh\u00e9ry<\/h1>\n<p><img decoding=\"async\" loading=\"lazy\" class=\"size-medium wp-image-698 alignleft\" src=\"http:\/\/montlhery-stetten-akm.eu\/wp-content\/uploads\/2016\/10\/400px-Tour_de_Monthl\u00e9ry_-_2012-09-16_-_IMG_6736-200x300.jpg\" alt=\"\" width=\"200\" height=\"300\" srcset=\"http:\/\/montlhery-stetten-akm.eu\/wp-content\/uploads\/2016\/10\/400px-Tour_de_Monthl\u00e9ry_-_2012-09-16_-_IMG_6736-200x300.jpg 200w, http:\/\/montlhery-stetten-akm.eu\/wp-content\/uploads\/2016\/10\/400px-Tour_de_Monthl\u00e9ry_-_2012-09-16_-_IMG_6736.jpg 400w\" sizes=\"(max-width: 200px) 100vw, 200px\" \/>Montlh\u00e9ry, der Name eri&#8230;<\/p>\n","protected":false},"author":1,"featured_media":0,"parent":0,"menu_order":0,"comment_status":"closed","ping_status":"closed","template":"","meta":[],"_links":{"self":[{"href":"http:\/\/montlhery-stetten-akm.eu\/de_DE\/wp-json\/wp\/v2\/pages\/60"}],"collection":[{"href":"http:\/\/montlhery-stetten-akm.eu\/de_DE\/wp-json\/wp\/v2\/pages"}],"about":[{"href":"http:\/\/montlhery-stetten-akm.eu\/de_DE\/wp-json\/wp\/v2\/types\/page"}],"author":[{"embeddable":true,"href":"http:\/\/montlhery-stetten-akm.eu\/de_DE\/wp-json\/wp\/v2\/users\/1"}],"replies":[{"embeddable":true,"href":"http:\/\/montlhery-stetten-akm.eu\/de_DE\/wp-json\/wp\/v2\/comments?post=60"}],"version-history":[{"count":17,"href":"http:\/\/montlhery-stetten-akm.eu\/de_DE\/wp-json\/wp\/v2\/pages\/60\/revisions"}],"predecessor-version":[{"id":932,"href":"http:\/\/montlhery-stetten-akm.eu\/de_DE\/wp-json\/wp\/v2\/pages\/60\/revisions\/932"}],"wp:attachment":[{"href":"http:\/\/montlhery-stetten-akm.eu\/de_DE\/wp-json\/wp\/v2\/media?parent=60"}],"curies":[{"name":"wp","href":"https:\/\/api.w.org\/{rel}","templated":true}]}}