{"id":639,"date":"2019-06-21T07:38:24","date_gmt":"2019-06-21T07:38:24","guid":{"rendered":"http:\/\/montlhery-stetten-akm.eu\/?page_id=639"},"modified":"2019-06-21T07:38:24","modified_gmt":"2019-06-21T07:38:24","slug":"1990-1999","status":"publish","type":"page","link":"http:\/\/montlhery-stetten-akm.eu\/de_DE\/1990-1999","title":{"rendered":"1990-1999"},"content":{"rendered":"<p\n style=\"background: #ffffff; margin: 0px 0px 24px; padding: 0px; border: 0px currentColor; text-align: center; text-transform: none; text-indent: 0px; letter-spacing: normal; font-family: Georgia, 'Bitstream Charter', serif; font-size: 16px; font-style: normal; font-weight: normal; word-spacing: 0px; vertical-align: baseline; white-space: normal; orphans: 2; widows: 2; font-variant-ligatures: normal; font-variant-caps: normal; -webkit-text-stroke-width: 0px;\"><strong><span style=\"color: #333333;\">1999<\/span><\/strong><\/p>\n<p\n style=\"background: #ffffff; margin: 0px 0px 24px; padding: 0px; border: 0px currentColor; text-transform: none; text-indent: 0px; letter-spacing: normal; font-family: Georgia, 'Bitstream Charter', serif; font-size: 16px; font-style: normal; font-weight: normal; word-spacing: 0px; vertical-align: baseline; white-space: normal; orphans: 2; widows: 2; font-variant-ligatures: normal; font-variant-caps: normal; -webkit-text-stroke-width: 0px;\"><span style=\"color: #333333;\"><em>Mai<\/em><span class=\"Apple-converted-space\">\u00a0<\/span><\/span>: Im Mai kamen Motorradfahrer aus Stetten a.k.M. nach Montlh\u00e9ry. Bei dieser Gelegenheit konnten sie, zu ihrem gro\u00dfen Vergn\u00fcgen, eine Runde auf der Autorennstrecke fahren.<\/p>\n<p\n style=\"background: #ffffff; margin: 0px 0px 24px; padding: 0px; border: 0px currentColor; text-transform: none; text-indent: 0px; letter-spacing: normal; font-family: Georgia, 'Bitstream Charter', serif; font-size: 16px; font-style: normal; font-weight: normal; word-spacing: 0px; vertical-align: baseline; white-space: normal; orphans: 2; widows: 2; font-variant-ligatures: normal; font-variant-caps: normal; -webkit-text-stroke-width: 0px;\"><img decoding=\"async\" loading=\"lazy\" class=\"size-thumbnail wp-image-205 aligncenter\" src=\"http:\/\/montlhery-stetten-akm.eu\/wp-content\/uploads\/2016\/11\/1999a-150x150.jpg\" alt=\"1999a\" width=\"150\" height=\"150\" \/><\/p>\n<p\n style=\"background: #ffffff; margin: 0px 0px 24px; padding: 0px; border: 0px currentColor; color: #333333; text-transform: none; text-indent: 0px; letter-spacing: normal; font-family: Georgia, 'Bitstream Charter', serif; font-size: 16px; font-style: normal; font-weight: normal; word-spacing: 0px; vertical-align: baseline; white-space: normal; orphans: 2; widows: 2; font-variant-ligatures: normal; font-variant-caps: normal; -webkit-text-stroke-width: 0px;\">Im gleichen Zeitraum fahren Mitglieder vom Radturismusverein von Linas-Montlh\u00e9ry von Monlh\u00e9ry ab. Sie bew\u00e4ltigen die 675 km lange Strecke nach Stetten a.k.M. in 4 Tagen (im Jahr darauf werden Radfahrer aus Stetten a.k.M. nach Montlh\u00e9ry fahren).<\/p>\n<p\n style=\"background: #ffffff; margin: 0px 0px 24px; padding: 0px; border: 0px currentColor; color: #333333; text-transform: none; text-indent: 0px; letter-spacing: normal; font-family: Georgia, 'Bitstream Charter', serif; font-size: 16px; font-style: normal; font-weight: normal; word-spacing: 0px; vertical-align: baseline; white-space: normal; orphans: 2; widows: 2; font-variant-ligatures: normal; font-variant-caps: normal; -webkit-text-stroke-width: 0px;\"><span style=\"color: #333333;\"><em>Juli<\/em><span class=\"Apple-converted-space\">\u00a0<\/span><\/span>: Stetten a.k.M. feiert sein 1200-j\u00e4hriges Jubil\u00e4um. Montlh\u00e9ry nimmt an dem Fest teil. Die Gemeinde Stetten bringt eine Brosch\u00fcre \u00fcber die Geschichte Stettens heraus. Die Brosch\u00fcre enth\u00e4lt auch ein Gru\u00dfwort von Herrn Sprial an die Einwohner von Stetten. Stetten am kalten Markt und Montlh\u00e9ry sind 1978 zusammengekommen um freundschaftliche Beziehungen zu kn\u00fcpfen. Die Partnerschaft wurde 1982 offiziell zwischen den beiden Gemeinden unterschrieben. Dies ist zwar nur eine kurz Zeit in der langen Geschichte Stettens, aber es ist eine bedeutende Periode, warmherzig und reich an menschlichen Kontakten. Die kulturellen, sprachlichen und sportlichen Austauschbegegnungen zwischen den Einwohnern von Stetten und Montlh\u00e9ry f\u00f6rdern das gegenseitige Verst\u00e4ndnis und Ansehen. Sie sind in einer Linie mit einem vereinigten , dynamischen und br\u00fcderlichen Europa. Die Stadt Montlh\u00e9ry w\u00fcnscht der Gemeinde Stetten ein glanzvolles Fest zu ihrem 1200-j\u00e4hrigen Bestehen und die Weiterf\u00fchrung sowie den Ausbau der freundschaftlichen und vertrauensvollen Partnerschaftsverbindung<\/p>\n<p\n style=\"background: #ffffff; margin: 0px 0px 24px; padding: 0px; border: 0px currentColor; color: #333333; text-transform: none; text-indent: 0px; letter-spacing: normal; font-family: Georgia, 'Bitstream Charter', serif; font-size: 16px; font-style: normal; font-weight: normal; word-spacing: 0px; vertical-align: baseline; white-space: normal; orphans: 2; widows: 2; font-variant-ligatures: normal; font-variant-caps: normal; -webkit-text-stroke-width: 0px;\"><span style=\"color: #333333;\"><em>November<\/em><span class=\"Apple-converted-space\">\u00a0<\/span><\/span>: Im November fahren Mitglieder des Gemeinderats und des Partnerschaftsausschusses sowie Jugendliche, darunter ein paar Musikanten, zum j\u00e4hrlichen Konzert der beiden musikalischen Gruppen.<\/p>\n<p\n style=\"background: #ffffff; margin: 0px 0px 24px; padding: 0px; border: 0px currentColor; text-align: center; text-transform: none; text-indent: 0px; letter-spacing: normal; font-family: Georgia, 'Bitstream Charter', serif; font-size: 16px; font-style: normal; font-weight: normal; word-spacing: 0px; vertical-align: baseline; white-space: normal; orphans: 2; widows: 2; font-variant-ligatures: normal; font-variant-caps: normal; -webkit-text-stroke-width: 0px;\"><strong><span style=\"color: #333333;\">1998<\/span><\/strong><\/p>\n<p\n style=\"background: #ffffff; margin: 0px 0px 24px; padding: 0px; border: 0px currentColor; text-transform: none; text-indent: 0px; letter-spacing: normal; font-family: Georgia, 'Bitstream Charter', serif; font-size: 16px; font-style: normal; font-weight: normal; word-spacing: 0px; vertical-align: baseline; white-space: normal; orphans: 2; widows: 2; font-variant-ligatures: normal; font-variant-caps: normal; -webkit-text-stroke-width: 0px;\"><span style=\"color: #333333;\"><em><img decoding=\"async\" loading=\"lazy\" class=\"size-thumbnail wp-image-204 alignleft\" src=\"http:\/\/montlhery-stetten-akm.eu\/wp-content\/uploads\/2016\/11\/1998c-128x150.jpg\" alt=\"1998c\" width=\"128\" height=\"150\" \/>Januar<\/em><span class=\"Apple-converted-space\">\u00a0<\/span><\/span>: Die Motorradfahrer vom Club RATP fahren nach Stetten a.k.M. Anl\u00e4\u00dflich der gemeinsamen Sitzung der beiden Partnerschaftsaussch\u00fcsse \u00fcberreicht die Stadt Montlh\u00e9ry eine Skulptur aus Schmiedeisen, die den Schmied darstellt, Wahrzeichen der Stadt Montlh\u00e9ry. Die Skulptur wurde von M. Galidie geschaffen.<\/p>\n<p\n style=\"background: #ffffff; margin: 0px 0px 24px; padding: 0px; border: 0px currentColor; color: #333333; text-transform: none; text-indent: 0px; letter-spacing: normal; font-family: Georgia, 'Bitstream Charter', serif; font-size: 16px; font-style: normal; font-weight: normal; word-spacing: 0px; vertical-align: baseline; white-space: normal; orphans: 2; widows: 2; font-variant-ligatures: normal; font-variant-caps: normal; -webkit-text-stroke-width: 0px;\">Februar :\u00a0W\u00e4hrend der Fasnacht in Stetten a.k.M., wurde Hr. Nivet mit dem \u201cHohen Bockorden in Gold\u201d der Bockzunft ausgezeichnet.<\/p>\n<p\n style=\"background: #ffffff; margin: 0px 0px 24px; padding: 0px; border: 0px currentColor; color: #333333; text-transform: none; text-indent: 0px; letter-spacing: normal; font-family: Georgia, 'Bitstream Charter', serif; font-size: 16px; font-style: normal; font-weight: normal; word-spacing: 0px; vertical-align: baseline; white-space: normal; orphans: 2; widows: 2; font-variant-ligatures: normal; font-variant-caps: normal; -webkit-text-stroke-width: 0px;\"><img decoding=\"async\" loading=\"lazy\" class=\"size-thumbnail wp-image-202 aligncenter\" src=\"http:\/\/montlhery-stetten-akm.eu\/wp-content\/uploads\/2016\/11\/1998-150x143.jpg\" alt=\"1998\" width=\"150\" height=\"143\" \/><\/p>\n<p\n style=\"background: #ffffff; margin: 0px 0px 24px; padding: 0px; border: 0px currentColor; color: #333333; text-transform: none; text-indent: 0px; letter-spacing: normal; font-family: Georgia, 'Bitstream Charter', serif; font-size: 16px; font-style: normal; font-weight: normal; word-spacing: 0px; vertical-align: baseline; white-space: normal; orphans: 2; widows: 2; font-variant-ligatures: normal; font-variant-caps: normal; -webkit-text-stroke-width: 0px;\"><span style=\"color: #333333;\"><em>Oktober\u00a0<\/em><span class=\"Apple-converted-space\">\u00a0<\/span><\/span>: Am 31. fand ein gemeinsames Konzert mit den Musikern der Musikschule von Montlh\u00e9ry und Musikern aus Stetten a.k.M. statt.<\/p>\n<p\n style=\"background: #ffffff; margin: 0px 0px 24px; padding: 0px; border: 0px currentColor; color: #333333; text-transform: none; text-indent: 0px; letter-spacing: normal; font-family: Georgia, 'Bitstream Charter', serif; font-size: 16px; font-style: normal; font-weight: normal; word-spacing: 0px; vertical-align: baseline; white-space: normal; orphans: 2; widows: 2; font-variant-ligatures: normal; font-variant-caps: normal; -webkit-text-stroke-width: 0px;\"><img decoding=\"async\" loading=\"lazy\" class=\"size-full wp-image-203 aligncenter\" src=\"http:\/\/montlhery-stetten-akm.eu\/wp-content\/uploads\/2016\/11\/1998b.jpg\" alt=\"1998b\" width=\"313\" height=\"217\" srcset=\"http:\/\/montlhery-stetten-akm.eu\/wp-content\/uploads\/2016\/11\/1998b.jpg 313w, http:\/\/montlhery-stetten-akm.eu\/wp-content\/uploads\/2016\/11\/1998b-300x208.jpg 300w\" sizes=\"(max-width: 313px) 100vw, 313px\" \/><\/p>\n<p\n style=\"text-align: center;\"><strong>1996<\/strong><\/p>\n<p><img decoding=\"async\" loading=\"lazy\" class=\"size-thumbnail wp-image-230 alignleft\" src=\"http:\/\/montlhery-stetten-akm.eu\/wp-content\/uploads\/2016\/10\/1996a-150x150.jpg\" alt=\"1996a\" width=\"150\" height=\"150\" \/>Zum deutsch-franz\u00f6sischem Fest fuhren einige neue Familien aus Montlh\u00e9ry nach Stetten a.k.M. .Sie wohnten bei Familien aus Stetten a.k.M. Im November kommt eine Delegation des Partnerschafts- ausschusses zu einer Arbeits-Sitzung nach Montlh\u00e9ry. Zwischen den Musikanten der Musikschulen von Monthl\u00e9ry und Stetten a.k.M. findet ein musikalisches Treffen statt. Die Bockzunft von Stetten a.k.M. kommt nach Montlh\u00e9ry um am dortigen Karneval teilzunehmen. Bei dieser Gelegenheit wird M. Spiral mit dem &#8220;Hohen Bockorden in Gold&#8221; der Bockzunft ausgezeichnet<img decoding=\"async\" loading=\"lazy\" class=\"size-thumbnail wp-image-231 aligncenter\" src=\"http:\/\/montlhery-stetten-akm.eu\/wp-content\/uploads\/2016\/10\/1996b-150x150.jpg\" alt=\"1996b\" width=\"150\" height=\"150\" \/>Zwischen den beiden Kommunen findet ein regelm\u00e4\u00dfiger Sch\u00fcleraustausch im Rahmen der deutsch-fanz\u00f6sischen musikalischen Treffen statt. Ein musikalisches Ensemble zwischen den Partnerst\u00e4dten wird gegr\u00fcndet. Die Leitung des Ensembles haben Frau Burkhart f\u00fcr die Realschule Stetten a.k.M. und Herr. Clouard f\u00fcr die Musikschule Montlh\u00e9ry \u00fcbernommen. Das erste Konzert findet am 22. November in Stetten a.k.M., das zweite im Kongresspalast in Karlsruhe am 23. November statt, wo das Orchester einen gro\u00dfen Erfolg feiern kann. Abwechselnd findet ein mal im Jahr in jeder Kommune eine &#8220;offizielle&#8221; Sitzung beider Partnerschaftsaussch\u00fcsse statt, bei der ein grober Programm-Fahrplan f\u00fcr das kommende Jahr festgelegt wird.<\/p>\n<p\n style=\"text-align: center;\"><strong>1995<\/strong><\/p>\n<p><img decoding=\"async\" loading=\"lazy\" class=\"size-full wp-image-229 alignleft\" src=\"http:\/\/montlhery-stetten-akm.eu\/wp-content\/uploads\/2016\/10\/1994.jpg\" alt=\"1994\" width=\"106\" height=\"127\" \/>Herr Spiral wird zum B\u00fcrgermeister von Montlh\u00e9ry gew\u00e4hlt. Hr. Nivet, der seit 1991 Generalsekret\u00e4r des Partnerschaftsausschusses war, wird der neue Vorsitzende des Partnerschaftsausschusses, einer Abteilung vom Tourismusverband. Zu diesem Anla\u00df wird von ihm das neue Partnerschafts-Logo kreiert.<\/p>\n<p\n style=\"text-align: center;\"><strong>1994<\/strong><\/p>\n<p>Anl\u00e4sslich des deutsch-fran\u00f6sischen Festes wird Herrn Magot die Silbermedaille der Partnerschaft verliehen.<\/p>\n<p\n style=\"text-align: center;\"><strong>1993<\/strong><\/p>\n<p>Der Sch\u00fcleraustausch wird weiter durchgef\u00fchrt. Die Sch\u00fcler werden in Familien untergebracht. Die Musikschule f\u00fchrt ein Konzert mit ihrem deutschen Partner durch. Hr. Nivet wird vom B\u00fcrgermeister von Stetten a.k.M. mit der Silbermedaille der Partnerschaft ausgezeichnet.<\/p>\n<p\n style=\"text-align: center;\"><strong>1992<\/strong><\/p>\n<p>Dieses Jahr wird das 10.-j\u00e4hrige Bestehen der Partnerschaft gefeiert. Die Feierlichkeiten zum Jubil\u00e4um und zur Erneuerung der Partnerschaft finden am 25. April in Stetten und am 24. Oktober in Montlh\u00e9ry statt. Zu diesem Anlass kamen 200 deutsche G\u00e4ste aus der Partnerstadt, die mehrheitlich in Familien untergebracht werden konnten. Abgesehen von der protokollarischen Sitzung, ist dieses Treffen Anlass zu zahlreichen Darbietungen der Vereine, z.B. musikalischen Darbietungen, Tanzauff\u00fchrungen der \u201eBockzunft\u201c, Auftritte der jungen Kunstradfahrer.<img decoding=\"async\" loading=\"lazy\" class=\"size-thumbnail wp-image-228 aligncenter\" src=\"http:\/\/montlhery-stetten-akm.eu\/wp-content\/uploads\/2016\/10\/1992-150x150.jpg\" alt=\"1992\" width=\"150\" height=\"150\" \/><\/p>\n<p\n style=\"text-align: center;\"><strong>1991<\/strong><\/p>\n<p><img decoding=\"async\" loading=\"lazy\" class=\"size-thumbnail wp-image-227 alignleft\" src=\"http:\/\/montlhery-stetten-akm.eu\/wp-content\/uploads\/2016\/10\/1991-150x150.jpg\" alt=\"1991\" width=\"150\" height=\"150\" \/>Herr Hipp wird zum neuen B\u00fcrgermeister von Stetten a.k.M. gew\u00e4hlt und l\u00f6st Herr Lupfer als B\u00fcrgermeister im Rathaus ab. Er w\u00fcnscht eine Verfestigung der Partnerschaft unter der Bedingung, dass sie sich unter und mit den Jugendlichen verwirklicht und gest\u00e4rkt wird durch eine Zunahme von Austauschbegegnungen im famili\u00e4ren Bereich. Zu diesem Zeitpunkt tritt Herr Nivet dem Partnerschafts- ausschuss als Generalsekret\u00e4r bei, zur Unterst\u00fctzung von Herrn Serradji und Herrn Magot.<\/p>\n","protected":false},"excerpt":{"rendered":"<p style=\"background: #ffffff; margin: 0px 0px 24px; padding: 0px; border: 0px currentColor; text-align: center; text-transform: none; text-indent: 0px; letter-spacing: normal; font-family: Georgia, 'Bitstream Charter', serif; font-size: 16px; font-s... \n\n","protected":false},"author":1,"featured_media":0,"parent":0,"menu_order":0,"comment_status":"closed","ping_status":"closed","template":"","meta":[],"_links":{"self":[{"href":"http:\/\/montlhery-stetten-akm.eu\/de_DE\/wp-json\/wp\/v2\/pages\/639"}],"collection":[{"href":"http:\/\/montlhery-stetten-akm.eu\/de_DE\/wp-json\/wp\/v2\/pages"}],"about":[{"href":"http:\/\/montlhery-stetten-akm.eu\/de_DE\/wp-json\/wp\/v2\/types\/page"}],"author":[{"embeddable":true,"href":"http:\/\/montlhery-stetten-akm.eu\/de_DE\/wp-json\/wp\/v2\/users\/1"}],"replies":[{"embeddable":true,"href":"http:\/\/montlhery-stetten-akm.eu\/de_DE\/wp-json\/wp\/v2\/comments?post=639"}],"version-history":[{"count":5,"href":"http:\/\/montlhery-stetten-akm.eu\/de_DE\/wp-json\/wp\/v2\/pages\/639\/revisions"}],"predecessor-version":[{"id":656,"href":"http:\/\/montlhery-stetten-akm.eu\/de_DE\/wp-json\/wp\/v2\/pages\/639\/revisions\/656"}],"wp:attachment":[{"href":"http:\/\/montlhery-stetten-akm.eu\/de_DE\/wp-json\/wp\/v2\/media?parent=639"}],"curies":[{"name":"wp","href":"https:\/\/api.w.org\/{rel}","templated":true}]}}