{"id":644,"date":"2019-06-21T07:38:34","date_gmt":"2019-06-21T07:38:34","guid":{"rendered":"http:\/\/montlhery-stetten-akm.eu\/?page_id=644"},"modified":"2019-06-21T07:38:34","modified_gmt":"2019-06-21T07:38:34","slug":"2000-2009","status":"publish","type":"page","link":"http:\/\/montlhery-stetten-akm.eu\/de_DE\/2000-2009","title":{"rendered":"2000-2009"},"content":{"rendered":"<p\n style=\"text-align: center;\"><strong>2009<\/strong><\/p>\n<p><em>13 bis 16 Februar 2009 :\u00a0<\/em>Eine Delegation aus Mitgliedern des Partnerschaftsvereins und\u00a0 des B\u00fcrgermeisters besuchte\u00a0 die Partnergemeinde an der Fasnet.\u00a0<em>12 und 13 September 2009 :\u00a0<\/em>Die Heuberg Dragons, eine Dudelsack Gruppe wird die Partnerschaftausschuss von Stetten am kalten Markt begleiten, die wie jedes Jahr ihr ber\u00fchmtes Bier auf dem Stand der Jumelage Montlh\u00e9ry Stetten a.k.M verkaufen wird.\u00a0<em>29 septembre 2009 :\u00a0<\/em>Election du nouveau pr\u00e9sident de l&#8217;association : Jo\u00ebl BRAQUET\u00a0<em><img decoding=\"async\" loading=\"lazy\" class=\"size-thumbnail wp-image-149 alignleft\" src=\"http:\/\/montlhery-stetten-akm.eu\/wp-content\/uploads\/2016\/10\/2009-150x150.jpg\" alt=\"2009\" width=\"150\" height=\"150\" \/>10 und 11 Oktober 2009:\u00a0<\/em>Gemeinsame Sitzung der beiden Aussch\u00fcsse.\u00a0<em>27 November 2009 :\u00a0<\/em>Im Rahmen der Jahresabschlussfeier wurde bereits Ende des vergangenen Jahres Frau Liliane Dombrowski nach vielen Jahren aus dem Partnerschaftsausschuss verabschiedet.<\/p>\n<p\n style=\"background: #ffffff; margin: 0px 0px 24px; padding: 0px; border: 0px currentColor; text-align: center; text-transform: none; text-indent: 0px; letter-spacing: normal; font-family: Georgia, 'Bitstream Charter', serif; font-size: 16px; font-style: normal; font-weight: normal; word-spacing: 0px; vertical-align: baseline; white-space: normal; orphans: 2; widows: 2; font-variant-ligatures: normal; font-variant-caps: normal; -webkit-text-stroke-width: 0px;\"><strong><span style=\"color: #333333;\">2008<\/span><\/strong><\/p>\n<p\n style=\"background: #ffffff; margin: 0px 0px 24px; padding: 0px; border: 0px currentColor; text-transform: none; text-indent: 0px; letter-spacing: normal; font-family: Georgia, 'Bitstream Charter', serif; font-size: 16px; font-style: normal; font-weight: normal; word-spacing: 0px; vertical-align: baseline; white-space: normal; orphans: 2; widows: 2; font-variant-ligatures: normal; font-variant-caps: normal; -webkit-text-stroke-width: 0px;\"><em><span style=\"color: #333333;\">7 und 8 November :<span class=\"Apple-converted-space\">\u00a0<\/span><\/span><\/em>Gemeinsame Sitzung der beiden Aussch\u00fcsse. Einweihung des Stettener Platzes im Montlh\u00e9ry<\/p>\n<p\n style=\"background: #ffffff; margin: 0px 0px 24px; padding: 0px; border: 0px currentColor; color: #333333; text-transform: none; text-indent: 0px; letter-spacing: normal; font-family: Georgia, 'Bitstream Charter', serif; font-size: 16px; font-style: normal; font-weight: normal; word-spacing: 0px; vertical-align: baseline; white-space: normal; orphans: 2; widows: 2; font-variant-ligatures: normal; font-variant-caps: normal; -webkit-text-stroke-width: 0px;\"><em><span style=\"color: #333333;\"><img decoding=\"async\" loading=\"lazy\" class=\"size-thumbnail wp-image-215 alignleft\" src=\"http:\/\/montlhery-stetten-akm.eu\/wp-content\/uploads\/2016\/11\/2008-150x150.jpg\" alt=\"2008\" width=\"150\" height=\"150\" \/>7 October 2008 :<span class=\"Apple-converted-space\">\u00a0<\/span><\/span><\/em>Wahl des neuen Pr\u00e4sidenten des Vereines : Michel Qu\u00e9ant<\/p>\n<p\n style=\"background: #ffffff; margin: 0px 0px 24px; padding: 0px; border: 0px currentColor; color: #333333; text-transform: none; text-indent: 0px; letter-spacing: normal; font-family: Georgia, 'Bitstream Charter', serif; font-size: 16px; font-style: normal; font-weight: normal; word-spacing: 0px; vertical-align: baseline; white-space: normal; orphans: 2; widows: 2; font-variant-ligatures: normal; font-variant-caps: normal; -webkit-text-stroke-width: 0px;\"><em><span style=\"color: #333333;\">12, 13 und 14. September 2008 :<span class=\"Apple-converted-space\">\u00a0<\/span><\/span><\/em>Der Fanfarenzug aus Stetten kam zum Tomatenfest nach Montlh\u00e9ry und wurde von der Bev\u00f6lkerung begeistert Empfangen.<\/p>\n<p\n style=\"background: #ffffff; margin: 0px 0px 24px; padding: 0px; border: 0px currentColor; color: #333333; text-transform: none; text-indent: 0px; letter-spacing: normal; font-family: Georgia, 'Bitstream Charter', serif; font-size: 16px; font-style: normal; font-weight: normal; word-spacing: 0px; vertical-align: baseline; white-space: normal; orphans: 2; widows: 2; font-variant-ligatures: normal; font-variant-caps: normal; -webkit-text-stroke-width: 0px;\"><em><span style=\"color: #333333;\">18 und 19 Juli 2008 :<span class=\"Apple-converted-space\">\u00a0<\/span><\/span><\/em>Eine Delegation aus Montlh\u00e9ry hat am 4. historischen Fest teilgenommen.<\/p>\n<p\n style=\"background: #ffffff; margin: 0px 0px 24px; padding: 0px; border: 0px currentColor; color: #333333; text-transform: none; text-indent: 0px; letter-spacing: normal; font-family: Georgia, 'Bitstream Charter', serif; font-size: 16px; font-style: normal; font-weight: normal; word-spacing: 0px; vertical-align: baseline; white-space: normal; orphans: 2; widows: 2; font-variant-ligatures: normal; font-variant-caps: normal; -webkit-text-stroke-width: 0px;\"><em><span style=\"color: #333333;\">14 Juli 2008 :<span class=\"Apple-converted-space\">\u00a0<\/span><\/span><\/em>Erwin Graf wird zum neuen Pr\u00e4sidenten des Partnerschaftausschusses gew\u00e4hlt.<\/p>\n<p\n style=\"background: #ffffff; margin: 0px 0px 24px; padding: 0px; border: 0px currentColor; color: #333333; text-transform: none; text-indent: 0px; letter-spacing: normal; font-family: Georgia, 'Bitstream Charter', serif; font-size: 16px; font-style: normal; font-weight: normal; word-spacing: 0px; vertical-align: baseline; white-space: normal; orphans: 2; widows: 2; font-variant-ligatures: normal; font-variant-caps: normal; -webkit-text-stroke-width: 0px;\">5 Juli 2008 : Begr\u00fcndung des Vereins Jumelage Montlh\u00e9ry \u2013 Stetten a.k.M.<\/p>\n<p\n style=\"background: #ffffff; margin: 0px 0px 24px; padding: 0px; border: 0px currentColor; color: #333333; text-transform: none; text-indent: 0px; letter-spacing: normal; font-family: Georgia, 'Bitstream Charter', serif; font-size: 16px; font-style: normal; font-weight: normal; word-spacing: 0px; vertical-align: baseline; white-space: normal; orphans: 2; widows: 2; font-variant-ligatures: normal; font-variant-caps: normal; -webkit-text-stroke-width: 0px;\"><em><span style=\"color: #333333;\">2 und 3. Februar 2008 :<span class=\"Apple-converted-space\">\u00a0<\/span><\/span><\/em>Eine Delegation aus Montlh\u00e9ry hat an der Fasnet in Stetten a.k.M teilgenommen.<\/p>\n<p\n style=\"background: #ffffff; margin: 0px 0px 24px; padding: 0px; border: 0px currentColor; text-align: center; text-transform: none; text-indent: 0px; letter-spacing: normal; font-family: Georgia, 'Bitstream Charter', serif; font-size: 16px; font-style: normal; font-weight: normal; word-spacing: 0px; vertical-align: baseline; white-space: normal; orphans: 2; widows: 2; font-variant-ligatures: normal; font-variant-caps: normal; -webkit-text-stroke-width: 0px;\"><strong><span style=\"color: #333333;\">2007<\/span><\/strong><\/p>\n<p\n style=\"background: #ffffff; margin: 0px 0px 24px; padding: 0px; border: 0px currentColor; text-transform: none; text-indent: 0px; letter-spacing: normal; font-family: Georgia, 'Bitstream Charter', serif; font-size: 16px; font-style: normal; font-weight: normal; word-spacing: 0px; vertical-align: baseline; white-space: normal; orphans: 2; widows: 2; font-variant-ligatures: normal; font-variant-caps: normal; -webkit-text-stroke-width: 0px;\"><span style=\"color: #333333;\"><em>September<\/em><span class=\"Apple-converted-space\">\u00a0<\/span><\/span>: Tomatenfest \u2013 Zum 25. Jubil\u00e4um des Partnerschaftsausschusses kam die Musikkapelle Fronhstetten (ein Teilort von Stetten a.k.M.).<\/p>\n<p\n style=\"background: #ffffff; margin: 0px 0px 24px; padding: 0px; border: 0px currentColor; text-transform: none; text-indent: 0px; letter-spacing: normal; font-family: Georgia, 'Bitstream Charter', serif; font-size: 16px; font-style: normal; font-weight: normal; word-spacing: 0px; vertical-align: baseline; white-space: normal; orphans: 2; widows: 2; font-variant-ligatures: normal; font-variant-caps: normal; -webkit-text-stroke-width: 0px;\"><img decoding=\"async\" loading=\"lazy\" class=\"size-thumbnail wp-image-214 aligncenter\" src=\"http:\/\/montlhery-stetten-akm.eu\/wp-content\/uploads\/2016\/11\/2007c-150x150.jpg\" alt=\"2007c\" width=\"150\" height=\"150\" \/><\/p>\n<p\n style=\"background: #ffffff; margin: 0px 0px 24px; padding: 0px; border: 0px currentColor; color: #333333; text-transform: none; text-indent: 0px; letter-spacing: normal; font-family: Georgia, 'Bitstream Charter', serif; font-size: 16px; font-style: normal; font-weight: normal; word-spacing: 0px; vertical-align: baseline; white-space: normal; orphans: 2; widows: 2; font-variant-ligatures: normal; font-variant-caps: normal; -webkit-text-stroke-width: 0px;\"><em><span style=\"color: #333333;\">Oktober :<span class=\"Apple-converted-space\">\u00a0<\/span><\/span><\/em>F\u00fcr eine Woche besuchten Radfahrer aus Stetten a.k.M. die Radfahrer von CCLM, um gemeinsame Ausfl\u00fcge zu machen.<\/p>\n<p\n style=\"background: #ffffff; margin: 0px 0px 24px; padding: 0px; border: 0px currentColor; color: #333333; text-transform: none; text-indent: 0px; letter-spacing: normal; font-family: Georgia, 'Bitstream Charter', serif; font-size: 16px; font-style: normal; font-weight: normal; word-spacing: 0px; vertical-align: baseline; white-space: normal; orphans: 2; widows: 2; font-variant-ligatures: normal; font-variant-caps: normal; -webkit-text-stroke-width: 0px;\"><img decoding=\"async\" loading=\"lazy\" class=\"size-thumbnail wp-image-213 aligncenter\" src=\"http:\/\/montlhery-stetten-akm.eu\/wp-content\/uploads\/2016\/11\/2007b-150x150.jpg\" alt=\"2007b\" width=\"150\" height=\"150\" \/><\/p>\n<p\n style=\"background: #ffffff; margin: 0px 0px 24px; padding: 0px; border: 0px currentColor; color: #333333; text-transform: none; text-indent: 0px; letter-spacing: normal; font-family: Georgia, 'Bitstream Charter', serif; font-size: 16px; font-style: normal; font-weight: normal; word-spacing: 0px; vertical-align: baseline; white-space: normal; orphans: 2; widows: 2; font-variant-ligatures: normal; font-variant-caps: normal; -webkit-text-stroke-width: 0px;\"><span style=\"color: #333333;\"><em>Dezember<\/em><span class=\"Apple-converted-space\">\u00a0<\/span><\/span>: Motorradfahrer aus Stetten a.k.M. besuchten ihre Freunde von den Motorradfahrern aus Montlh\u00e9ry.<\/p>\n<p\n style=\"background: #ffffff; margin: 0px 0px 24px; padding: 0px; border: 0px currentColor; text-align: center; text-transform: none; text-indent: 0px; letter-spacing: normal; font-family: Georgia, 'Bitstream Charter', serif; font-size: 16px; font-style: normal; font-weight: normal; word-spacing: 0px; vertical-align: baseline; white-space: normal; orphans: 2; widows: 2; font-variant-ligatures: normal; font-variant-caps: normal; -webkit-text-stroke-width: 0px;\"><strong><span style=\"color: #333333;\">2006<\/span><\/strong><\/p>\n<p\n style=\"background: #ffffff; margin: 0px 0px 24px; padding: 0px; border: 0px currentColor; text-transform: none; text-indent: 0px; letter-spacing: normal; font-family: Georgia, 'Bitstream Charter', serif; font-size: 16px; font-style: normal; font-weight: normal; word-spacing: 0px; vertical-align: baseline; white-space: normal; orphans: 2; widows: 2; font-variant-ligatures: normal; font-variant-caps: normal; -webkit-text-stroke-width: 0px;\"><span style=\"color: #333333;\"><em>Juni<\/em><span class=\"Apple-converted-space\">\u00a0<\/span><\/span>: Im Rahmen der Partnerschaft mit unserer Partnerstadt haben sich am Morgen des 10. Juni mehrere Radfahrer vom CCLM verabredet, um gemeinsam in Richtung Stetten a.k.M. abzufahren. Beim Treffen mit ihren deutschen Freunden konnten sie eine Woche\u00a0<img decoding=\"async\" loading=\"lazy\" class=\"size-thumbnail wp-image-211 alignleft\" src=\"http:\/\/montlhery-stetten-akm.eu\/wp-content\/uploads\/2016\/11\/2006-150x150.jpg\" alt=\"2006\" width=\"150\" height=\"150\" \/>lang die herrlichsten Ausfl\u00fcge und Ausfahrten unternehmen (Bodenseeumrundung mit dem Rad, Wanderung zum Teufelslochfelsen mit Blick auf die Donau\u2026); Sowohl Wanderer als auch Radfahrer konnten ihrer Lieblingsbesch\u00e4ftigung nachgehen und haben auf ihren jeweiligen Touren diverse Sehensw\u00fcrdigkeiten erblicken d\u00fcrfen.<\/p>\n<p\n style=\"background: #ffffff; margin: 0px 0px 24px; padding: 0px; border: 0px currentColor; color: #333333; text-transform: none; text-indent: 0px; letter-spacing: normal; font-family: Georgia, 'Bitstream Charter', serif; font-size: 16px; font-style: normal; font-weight: normal; word-spacing: 0px; vertical-align: baseline; white-space: normal; orphans: 2; widows: 2; font-variant-ligatures: normal; font-variant-caps: normal; -webkit-text-stroke-width: 0px;\"><span style=\"color: #333333;\"><em>September<\/em><span class=\"Apple-converted-space\">\u00a0<\/span><\/span>: Zum Tomatenfest besuchte uns der Fanfarenzug aus Stetten a.k.M. mit 36 Musikern. Sie hatten einige Auftritte in der Stadt und auf der Messe .Auch beim Altersheim gaben sie ein Konzert.<\/p>\n<p\n style=\"background: #ffffff; margin: 0px 0px 24px; padding: 0px; border: 0px currentColor; text-align: center; text-transform: none; text-indent: 0px; letter-spacing: normal; font-family: Georgia, 'Bitstream Charter', serif; font-size: 16px; font-style: normal; font-weight: normal; word-spacing: 0px; vertical-align: baseline; white-space: normal; orphans: 2; widows: 2; font-variant-ligatures: normal; font-variant-caps: normal; -webkit-text-stroke-width: 0px;\"><strong><span style=\"color: #333333;\">2005<\/span><\/strong><\/p>\n<p\n style=\"background: #ffffff; margin: 0px 0px 24px; padding: 0px; border: 0px currentColor; text-transform: none; text-indent: 0px; letter-spacing: normal; font-family: Georgia, 'Bitstream Charter', serif; font-size: 16px; font-style: normal; font-weight: normal; word-spacing: 0px; vertical-align: baseline; white-space: normal; orphans: 2; widows: 2; font-variant-ligatures: normal; font-variant-caps: normal; -webkit-text-stroke-width: 0px;\"><span style=\"color: #333333;\"><em>Juli<\/em><span class=\"Apple-converted-space\">\u00a0<\/span><\/span>: Vom 23. bis 24. Juli trafen sich die Partnerschaftsaussch\u00fcsse von Montlh\u00e9ry und Stetten a.k.M. W\u00e4hrend dieser drei Tage machte die Gruppe aus Montlh\u00e9ry eine \u201eReise in die Vergangenheit\u201c und zwar in verschiedene Epochen, vom Mittelalter bis zur\u00a0<img decoding=\"async\" loading=\"lazy\" class=\"size-full wp-image-210 alignleft\" src=\"http:\/\/montlhery-stetten-akm.eu\/wp-content\/uploads\/2016\/11\/2005b.jpg\" alt=\"2005b\" width=\"380\" height=\"174\" srcset=\"http:\/\/montlhery-stetten-akm.eu\/wp-content\/uploads\/2016\/11\/2005b.jpg 380w, http:\/\/montlhery-stetten-akm.eu\/wp-content\/uploads\/2016\/11\/2005b-300x137.jpg 300w\" sizes=\"(max-width: 380px) 100vw, 380px\" \/>Renaissance. Das Treffen fand w\u00e4hrend des historischen Festes \u201cSpectaculum 2005\u201d in Stetten a.k.M. statt. Die Gruppe aus Montlh\u00e9ry wurde bereits am Freitag abend \u201ck\u00f6niglich\u201d empfangen. In entsprechenden Kost\u00fcmen haben sie anl\u00e4sslich einer im Renaissance-Stil nachgestellten Hochzeitsfeier mit 700 G\u00e4sten, Frankreich repr\u00e4sentiert, u.a. als K\u00f6nig Henri IV, Marguerite de Valois mit dem gesamten Hofstaat. Die Besucher aus Montlh\u00e9ry konnten in dem in ein mittelalterliches Dorf verwandeltes Stetten an den vielen Attraktionen und Vorf\u00fchrungen teilnehmen. Zum gelungenen Abschluss dieses Besuchs hat der Stettener Partnerschaftsausschuss die Gastfamilien sowie die G\u00e4ste aus Montlh\u00e9ry zu einem deutsch-franz\u00f6sischen Essen eingeladen<\/p>\n<p\n style=\"background: #ffffff; margin: 0px 0px 24px; padding: 0px; border: 0px currentColor; text-align: center; text-transform: none; text-indent: 0px; letter-spacing: normal; font-family: Georgia, 'Bitstream Charter', serif; font-size: 16px; font-style: normal; font-weight: normal; word-spacing: 0px; vertical-align: baseline; white-space: normal; orphans: 2; widows: 2; font-variant-ligatures: normal; font-variant-caps: normal; -webkit-text-stroke-width: 0px;\"><strong><span style=\"color: #333333;\">2004<\/span><\/strong><\/p>\n<p\n style=\"background: #ffffff; margin: 0px 0px 24px; padding: 0px; border: 0px currentColor; text-transform: none; text-indent: 0px; letter-spacing: normal; font-family: Georgia, 'Bitstream Charter', serif; font-size: 16px; font-style: normal; font-weight: normal; word-spacing: 0px; vertical-align: baseline; white-space: normal; orphans: 2; widows: 2; font-variant-ligatures: normal; font-variant-caps: normal; -webkit-text-stroke-width: 0px;\"><span style=\"color: #333333;\"><em>Oktober<\/em><span class=\"Apple-converted-space\">\u00a0<\/span><\/span>: Eine Delegation aus Gemeinder\u00e4ten und Mitgliedern des Partnerschaftsausschusses begleiteten anl\u00e4sslich des \u201cStettener Oktobers\u201d B\u00fcrgermeister Lucien Pornin bei seinem ersten Besuch bei seinem Amtskollegen aus Stetten a.k.M. Es wurden verschieden Schulen besichtigt und der Saal \u201cMontlh\u00e9ry\u201d eingeweiht. Au\u00dferdem fand auch ein treffen mit verschiedenen Vereinen statt. Der Empfang war wie immer sehr herzlich.<\/p>\n<p\n style=\"background: #ffffff; margin: 0px 0px 24px; padding: 0px; border: 0px currentColor; text-align: center; text-transform: none; text-indent: 0px; letter-spacing: normal; font-family: Georgia, 'Bitstream Charter', serif; font-size: 16px; font-style: normal; font-weight: normal; word-spacing: 0px; vertical-align: baseline; white-space: normal; orphans: 2; widows: 2; font-variant-ligatures: normal; font-variant-caps: normal; -webkit-text-stroke-width: 0px;\"><strong><span style=\"color: #333333;\">2001<\/span><\/strong><\/p>\n<p\n style=\"background: #ffffff; margin: 0px 0px 24px; padding: 0px; border: 0px currentColor; text-transform: none; text-indent: 0px; letter-spacing: normal; font-family: Georgia, 'Bitstream Charter', serif; font-size: 16px; font-style: normal; font-weight: normal; word-spacing: 0px; vertical-align: baseline; white-space: normal; orphans: 2; widows: 2; font-variant-ligatures: normal; font-variant-caps: normal; -webkit-text-stroke-width: 0px;\"><span style=\"color: #333333;\"><em><img decoding=\"async\" loading=\"lazy\" class=\"size-thumbnail wp-image-208 alignleft\" src=\"http:\/\/montlhery-stetten-akm.eu\/wp-content\/uploads\/2016\/11\/2001-150x150.jpg\" alt=\"2001\" width=\"150\" height=\"150\" \/>September<\/em><span class=\"Apple-converted-space\">\u00a0<\/span><\/span>: Wie jedes Jahr pr\u00e4sentiert der Partnerschaftsausschuss beim Tomatenfest unsere Partnerstadt Stetten a.k.M. Dies ist bei den Besuchern sehr beliebt. Der Partnerschaftsausschuss ist auch immer auf der Suche nach Familien aus Montlh\u00e9ry die Jugendliche oder Familien aus Stetten aufnehmen m\u00f6chten.<\/p>\n<p\n style=\"background: #ffffff; margin: 0px 0px 24px; padding: 0px; border: 0px currentColor; text-align: center; text-transform: none; text-indent: 0px; letter-spacing: normal; font-family: Georgia, 'Bitstream Charter', serif; font-size: 16px; font-style: normal; font-weight: normal; word-spacing: 0px; vertical-align: baseline; white-space: normal; orphans: 2; widows: 2; font-variant-ligatures: normal; font-variant-caps: normal; -webkit-text-stroke-width: 0px;\"><strong><span style=\"color: #333333;\">2000<\/span><\/strong><\/p>\n<p\n style=\"background: #ffffff; margin: 0px 0px 24px; padding: 0px; border: 0px currentColor; text-transform: none; text-indent: 0px; letter-spacing: normal; font-family: Georgia, 'Bitstream Charter', serif; font-size: 16px; font-style: normal; font-weight: normal; word-spacing: 0px; vertical-align: baseline; white-space: normal; orphans: 2; widows: 2; font-variant-ligatures: normal; font-variant-caps: normal; -webkit-text-stroke-width: 0px;\"><span style=\"color: #333333;\"><em>Mai<\/em><span class=\"Apple-converted-space\">\u00a0<\/span><\/span>: Am 21. Mai 2000 verweilt eine Delegation aus Stetten a.k.M. in Montlh\u00e9ry. In mittelalterlichen Kost\u00fcmen nehmen sie aktiv an dem Spektakel \u201cTausend Jahre im Herzen der Stadt\u201d teil.<\/p>\n<p\n style=\"background: #ffffff; margin: 0px 0px 24px; padding: 0px; border: 0px currentColor; text-transform: none; text-indent: 0px; letter-spacing: normal; font-family: Georgia, 'Bitstream Charter', serif; font-size: 16px; font-style: normal; font-weight: normal; word-spacing: 0px; vertical-align: baseline; white-space: normal; orphans: 2; widows: 2; font-variant-ligatures: normal; font-variant-caps: normal; -webkit-text-stroke-width: 0px;\"><img decoding=\"async\" loading=\"lazy\" class=\"size-thumbnail wp-image-207 aligncenter\" src=\"http:\/\/montlhery-stetten-akm.eu\/wp-content\/uploads\/2016\/11\/2000-150x150.jpg\" alt=\"2000\" width=\"150\" height=\"150\" \/><\/p>\n","protected":false},"excerpt":{"rendered":"<p style=\"text-align: center;\"><strong>2009<\/strong><\/p>\n<p><em>13 bis 16 Februar 2009 :\u00a0<\/em>Eine Delegation aus Mitgliedern des Partnerschaftsvereins und\u00a0 des B\u00fcrgermeisters besuchte\u00a0 die Partnergemeinde an der Fasnet.\u00a0<em>12 und 13 September 2009 :\u00a0&#8230;<\/p>\n","protected":false},"author":1,"featured_media":0,"parent":0,"menu_order":0,"comment_status":"closed","ping_status":"closed","template":"","meta":[],"_links":{"self":[{"href":"http:\/\/montlhery-stetten-akm.eu\/de_DE\/wp-json\/wp\/v2\/pages\/644"}],"collection":[{"href":"http:\/\/montlhery-stetten-akm.eu\/de_DE\/wp-json\/wp\/v2\/pages"}],"about":[{"href":"http:\/\/montlhery-stetten-akm.eu\/de_DE\/wp-json\/wp\/v2\/types\/page"}],"author":[{"embeddable":true,"href":"http:\/\/montlhery-stetten-akm.eu\/de_DE\/wp-json\/wp\/v2\/users\/1"}],"replies":[{"embeddable":true,"href":"http:\/\/montlhery-stetten-akm.eu\/de_DE\/wp-json\/wp\/v2\/comments?post=644"}],"version-history":[{"count":5,"href":"http:\/\/montlhery-stetten-akm.eu\/de_DE\/wp-json\/wp\/v2\/pages\/644\/revisions"}],"predecessor-version":[{"id":657,"href":"http:\/\/montlhery-stetten-akm.eu\/de_DE\/wp-json\/wp\/v2\/pages\/644\/revisions\/657"}],"wp:attachment":[{"href":"http:\/\/montlhery-stetten-akm.eu\/de_DE\/wp-json\/wp\/v2\/media?parent=644"}],"curies":[{"name":"wp","href":"https:\/\/api.w.org\/{rel}","templated":true}]}}