{"id":822,"date":"2019-10-28T10:49:05","date_gmt":"2019-10-28T10:49:05","guid":{"rendered":"http:\/\/montlhery-stetten-akm.eu\/?page_id=822"},"modified":"2019-11-19T05:44:55","modified_gmt":"2019-11-19T05:44:55","slug":"822-2","status":"publish","type":"page","link":"http:\/\/montlhery-stetten-akm.eu\/de_DE\/822-2","title":{"rendered":"Wissenschaftlichen Versuchen Standort"},"content":{"rendered":"<p><img decoding=\"async\" loading=\"lazy\" class=\"size-thumbnail wp-image-885 alignleft\" src=\"http:\/\/montlhery-stetten-akm.eu\/wp-content\/uploads\/2019\/10\/Gassendi-150x150.png\" alt=\"\" width=\"150\" height=\"150\" \/>Pierre Gassendi (1592-1655), ein franz\u00f6sischer Philosoph, Wissenschaftler und Mathematiker, studierte die \u00dcbertragung von Schall zwischen den T\u00fcrmen des Pariser Observatoriums und dem Turm von Montlh\u00e9ry .<\/p>\n<p>&nbsp;<\/p>\n<p>&nbsp;<\/p>\n<p><img decoding=\"async\" loading=\"lazy\" class=\"size-thumbnail wp-image-883 alignleft\" src=\"http:\/\/montlhery-stetten-akm.eu\/wp-content\/uploads\/2019\/10\/Chappe-150x150.jpg\" alt=\"\" width=\"150\" height=\"150\" \/>Claude Chappe (1763-1805) erfand den optischen Telegrafen, dieser besteht aus einem genialen System von Achsen, Holzst\u00e4ben und Indikatoren, die mehr als hundert verschiedene Positionen einnehmen k\u00f6nnen. So kann ein entfernter Beobachter eine Nachricht entschl\u00fcsseln. 1794 wurde der Bau einer Linie zwischen Paris und Lille angeordnet. Claude Chappe, zum Telegrafeningenieur ernannt, er\u00f6ffnete die Leitung am 19. Juli 1794 . Der Prozess wurde dann auf das gesamte Gebiet ausgedehnt.\u00a0 Montlh\u00e9ry und seine H\u00f6hen sind ein privilegierter Ort f\u00fcr den Test und Betrieb dieses Telegrafen. Erst die Entdeckung des elektrischen Telegrafen durch Morse bedeutete das Ende dieser genialen Erfindung 45 Jahre sp\u00e4ter.<\/p>\n<p>&nbsp;<\/p>\n<p><img decoding=\"async\" loading=\"lazy\" class=\"size-thumbnail wp-image-884 alignleft\" src=\"http:\/\/montlhery-stetten-akm.eu\/wp-content\/uploads\/2019\/10\/Cornu-150x150.jpg\" alt=\"\" width=\"150\" height=\"150\" \/>Marie-Alfred Cornu (1841-1902) Doktor der Naturwissenschaften, wurde 1867 Professor f\u00fcr Physik an der \u00c9cole des Mines. Ab 1872 f\u00fchrte er wichtige Forschungen zur Lichtgeschwindigkeit durch. 1874 nutzte er den Bergfried des Montlh\u00e9ry-Turms, um die Lichtgeschwindigkeit zwischen dem Bergfried und der 23 Kilometer entfernten Pariser Sternwarte zu berechnen. Sie kommt zu dem Ergebnis von 300 400 km\/Sekunde, das mit den mit modernen Methoden ermittelten 299 793 km\/Sekunde zu vergleichen ist.<\/p>\n","protected":false},"excerpt":{"rendered":"<p><img decoding=\"async\" loading=\"lazy\" class=\"size-thumbnail wp-image-885 alignleft\" src=\"http:\/\/montlhery-stetten-akm.eu\/wp-content\/uploads\/2019\/10\/Gassendi-150x150.png\" alt=\"\" width=\"150\" height=\"150\" \/>Pierre Gassendi (1592-1655), ein franz\u00f6sischer Philosoph, Wissenschaftler und M&#8230;<\/p>\n","protected":false},"author":1,"featured_media":0,"parent":0,"menu_order":0,"comment_status":"closed","ping_status":"closed","template":"","meta":[],"_links":{"self":[{"href":"http:\/\/montlhery-stetten-akm.eu\/de_DE\/wp-json\/wp\/v2\/pages\/822"}],"collection":[{"href":"http:\/\/montlhery-stetten-akm.eu\/de_DE\/wp-json\/wp\/v2\/pages"}],"about":[{"href":"http:\/\/montlhery-stetten-akm.eu\/de_DE\/wp-json\/wp\/v2\/types\/page"}],"author":[{"embeddable":true,"href":"http:\/\/montlhery-stetten-akm.eu\/de_DE\/wp-json\/wp\/v2\/users\/1"}],"replies":[{"embeddable":true,"href":"http:\/\/montlhery-stetten-akm.eu\/de_DE\/wp-json\/wp\/v2\/comments?post=822"}],"version-history":[{"count":8,"href":"http:\/\/montlhery-stetten-akm.eu\/de_DE\/wp-json\/wp\/v2\/pages\/822\/revisions"}],"predecessor-version":[{"id":887,"href":"http:\/\/montlhery-stetten-akm.eu\/de_DE\/wp-json\/wp\/v2\/pages\/822\/revisions\/887"}],"wp:attachment":[{"href":"http:\/\/montlhery-stetten-akm.eu\/de_DE\/wp-json\/wp\/v2\/media?parent=822"}],"curies":[{"name":"wp","href":"https:\/\/api.w.org\/{rel}","templated":true}]}}