{"id":861,"date":"2019-11-05T06:39:38","date_gmt":"2019-11-05T06:39:38","guid":{"rendered":"http:\/\/montlhery-stetten-akm.eu\/?page_id=861"},"modified":"2020-01-11T10:52:52","modified_gmt":"2020-01-11T10:52:52","slug":"le-temps-libre","status":"publish","type":"page","link":"http:\/\/montlhery-stetten-akm.eu\/de_DE\/le-temps-libre","title":{"rendered":"Freizeit"},"content":{"rendered":"<h1>WIR<br \/>\n LADEN SIE AN&#8230;<\/h1>\n<h2>Montlh\u00e9ry ist eine Stadt mit mittelalterlicher Vergangenheit im Herzen des Bezirkes Essonne.<\/h2>\n<p><img decoding=\"async\" loading=\"lazy\" class=\"alignnone size-full wp-image-890\" src=\"http:\/\/montlhery-stetten-akm.eu\/wp-content\/uploads\/2019\/11\/Essonne.jpg\" alt=\"\" width=\"800\" height=\"533\" srcset=\"http:\/\/montlhery-stetten-akm.eu\/wp-content\/uploads\/2019\/11\/Essonne.jpg 800w, http:\/\/montlhery-stetten-akm.eu\/wp-content\/uploads\/2019\/11\/Essonne-300x200.jpg 300w, http:\/\/montlhery-stetten-akm.eu\/wp-content\/uploads\/2019\/11\/Essonne-768x512.jpg 768w\" sizes=\"(max-width: 800px) 100vw, 800px\" \/>Sie liegt 26 Kilometer von der Hauptstadt entfernt und hat eine provinzielle Atmosph\u00e4re bewahrt. Die \u00dcberreste der imposanten Burg, die zu Beginn des 11. Jahrhunderts erbaut wurde, sind der Stolz der Bewohner. An der Stra\u00dfe, die Paris mit Orl\u00e9ans verband und noch Heute verbindet, stellte sie eine Herausforderung f\u00fcr die k\u00f6nigliche Macht dar.<\/p>\n<p class=\"Standard\" style=\"text-align: justify;\">Der Verwaltungbezirk Essonne ist besonders bekannt f\u00fcr ihre vielen \u00f6ffentlichen und privaten G\u00e4rten, die von der Geschichte dieser Region zeugen. Erw\u00e4hnenswert sind die beiden mittelalterlichen St\u00e4dte Dourdan und Etampes, die Festungen und andere bemerkenswerte \u00dcberreste des Mittelalters bieten.<\/p>\n<p class=\"Standard\" style=\"text-align: justify;\">Die Landg\u00fcter von Chamarande (17. Jahrhundert) oder M\u00e9r\u00e9ville (18. Jahrhundert) oder die vielen Schl\u00f6sser und G\u00e4rten des 19. Jahrhunderts, die die Gegend kennzeichnen, zeugen von dem Interesse, das dieses Gebiet an dem Naturerbe hat. Im Idealfall verbindet die Landschaft gro\u00dfe, unber\u00fchrte Fl\u00e4chen mit vielen W\u00e4ldern und Wasserstra\u00dfen. Kommt der Name Essonne nicht von der gallischen Wasserg\u00f6ttin \u00ab Acionna \u00bb, die in den mittelalterlichen Texten \u00ab Exona \u00bb; wurde ?<\/p>\n<p class=\"Standard\" style=\"text-align: justify;\">Ebenfalls zu entdecken sind das Anwesen Courson, das Anwesen Courances, das Schloss und die G\u00e4rten von Saint-Jean-de-Beauregard, das f\u00fcr seine Pflanzenfeste bekannt ist, das Schloss von Villeconin oder der Turm von Montlh\u00e9ry, eines der \u00dcberreste der Geschichte von K\u00f6nig Ludwig XI.<\/p>\n<p class=\"Standard\" style=\"text-align: justify;\">Andere Orte spiegeln die viszerale Verbundenheit von K\u00fcnstlern und historischen Pers\u00f6nlichkeiten mit diesem Gebiet wider: das \u00ab Maison Cocteau \u00bb in Milly-la-For\u00eat, das \u00ab Maison-Atelier \u00bb des Malers L\u00e9onard Tsuguharu Foujita in Villiers-le-B\u00e2cle, Victor Hugos Literaturhaus in der \u00ab Domaine des Roches \u00bb. . . . .<\/p>\n","protected":false},"excerpt":{"rendered":"<h1>WIR LADEN SIE AN&#8230;<\/h1>\n<h2>Montlh\u00e9ry ist eine Stadt mit mittelalterlicher Vergangenheit im Herzen des Bezirkes Essonne.<\/h2>\n<p><img decoding=\"async\" class=\"alignnone size-full wp-image-890\" src=\"http:\/\/montlhery-stetten-akm.eu\/wp-content\/uploads\/2019\/11\/Essonne....\n<\/p>\n","protected":false},"author":1,"featured_media":0,"parent":0,"menu_order":0,"comment_status":"closed","ping_status":"closed","template":"","meta":[],"_links":{"self":[{"href":"http:\/\/montlhery-stetten-akm.eu\/de_DE\/wp-json\/wp\/v2\/pages\/861"}],"collection":[{"href":"http:\/\/montlhery-stetten-akm.eu\/de_DE\/wp-json\/wp\/v2\/pages"}],"about":[{"href":"http:\/\/montlhery-stetten-akm.eu\/de_DE\/wp-json\/wp\/v2\/types\/page"}],"author":[{"embeddable":true,"href":"http:\/\/montlhery-stetten-akm.eu\/de_DE\/wp-json\/wp\/v2\/users\/1"}],"replies":[{"embeddable":true,"href":"http:\/\/montlhery-stetten-akm.eu\/de_DE\/wp-json\/wp\/v2\/comments?post=861"}],"version-history":[{"count":11,"href":"http:\/\/montlhery-stetten-akm.eu\/de_DE\/wp-json\/wp\/v2\/pages\/861\/revisions"}],"predecessor-version":[{"id":926,"href":"http:\/\/montlhery-stetten-akm.eu\/de_DE\/wp-json\/wp\/v2\/pages\/861\/revisions\/926"}],"wp:attachment":[{"href":"http:\/\/montlhery-stetten-akm.eu\/de_DE\/wp-json\/wp\/v2\/media?parent=861"}],"curies":[{"name":"wp","href":"https:\/\/api.w.org\/{rel}","templated":true}]}}