{"id":873,"date":"2019-11-05T07:01:05","date_gmt":"2019-11-05T07:01:05","guid":{"rendered":"http:\/\/montlhery-stetten-akm.eu\/?page_id=873"},"modified":"2020-02-28T11:10:22","modified_gmt":"2020-02-28T11:10:22","slug":"logements","status":"publish","type":"page","link":"http:\/\/montlhery-stetten-akm.eu\/de_DE\/logements","title":{"rendered":"\u00dcbernachten"},"content":{"rendered":"<p><span\n style=\"color: #993300;\">COMFORT HOTEL<\/span><br \/>\n<span\n style=\"color: #993300;\"> Montlh\u00e9ry ***<\/span><br \/>\n<em>Behindertenzugang, Wickelraum, Haustiere erlaubt, Parkplatz, restaurant, Fernseher, wifi<\/em><br \/>\n10 avenue Ettore Bugatti<br \/>\n91310 LINAS<br \/>\nTel : +33 1 69 80 69 38<br \/>\n<a href=\"http:\/\/www.choicehotel.com\" target=\"_blank\" rel=\"noopener noreferrer\">Zur Homepage<\/a><\/p>\n<p><span\n style=\"color: #993300;\">COMFORT HOTEL Br\u00e9tigny-sur-Orge ***<\/span><br \/>\n<em>Haustiere erlaubt,\u00a0Parkplatz,\u00a0restaurant,\u00a0Fernseher,\u00a0wifi<\/em><br \/>\n11 chemin des Champcueils<br \/>\n91220 BR\u00c9TIGNY SUR ORGE<br \/>\nTel\u00a0:\u00a0+33 1 69 01 97 60<br \/>\n<a href=\"http:\/\/www.choicehotels.fr\/fr\/comforthotelbretignysurorgebretignysurorgehotelfr249\" target=\"_blank\" rel=\"noopener noreferrer\">Zur Homepage<\/a><\/p>\n<p><span\n style=\"color: #993300;\">HOTEL B &amp; B **<\/span><br \/>\nZac Linas Autodrome 3 all\u00e9e Fran\u00e7ois Cevert<br \/>\n91310 LINAS<br \/>\n<a href=\"http:\/\/www.hotelbb.com\/fr\/hotel\/montlhery\" target=\"_blank\" rel=\"noopener noreferrer\">Zur Homepage<\/a><\/p>\n<p><span\n style=\"color: #993300;\">HOTELB &amp; B **<\/span><br \/>\n2 chemin des Champcueils<br \/>\n91220 BR\u00c9TIGNY SUR ORGE<br \/>\n<a href=\"http:\/\/www.hotel-bb.com\/fr\/hotels\/bretigny-sur-orge.htm\" target=\"_blank\" rel=\"noopener noreferrer\">Zur Homepage<\/a><\/p>\n<p><span\n style=\"color: #993300;\">HOTEL PREMIERE CLASSE *<\/span><br \/>\n<em>Parkplatz, Fernseher, wifi<\/em><br \/>\nAll\u00e9e St Fiacre<br \/>\n91620 LA VILLE DU BOIS<br \/>\nTel : +33 1 69 63 78 99<br \/>\nE-mail : lavilledubois@premiereclasse.fr<br \/>\n<a href=\"http:\/\/www.premiereclasse.com\/fr\/hotels\/premiere-classe-la-ville-du-bois\" target=\"_blank\" rel=\"noopener noreferrer\">Zur Homepage<\/a><\/p>\n<p><span\n style=\"color: #993300;\">HOTEL FORMULE 1<\/span><br \/>\n<em>Parkplatz,\u00a0Fernseher,\u00a0wifi,\u00a0Behindertenzugang<\/em><br \/>\n15 chemin de Tabor<br \/>\n91310 LINAS<br \/>\nTel\u00a0: +33 891 70 52 76<\/p>\n<p><span\n style=\"color: #993300;\">HOTEL FORMULE<\/span><br \/>\n<span\n style=\"color: #993300;\">\u00a01<\/span> <em><br \/>\n<span\n style=\"color: #000000;\"><br \/>\nBehindertenzugang,\u00a0Haustiere erlaubt,\u00a0Parkplatz,\u00a0Fernseher,\u00a0wifi<\/span><\/em><br \/>\n<span\n style=\"color: #000000;\"><br \/>\nChemin des Champcueils<\/span><br \/>\n<span\n style=\"color: #000000;\"><br \/>\n91220 BR\u00c9TIGNY SUR ORGE<\/span><br \/>\n<span\n style=\"color: #000000;\"><br \/>\nTel\u00a0: +33 891 70 52 76<\/span><\/p>\n<p><span\n style=\"color: #993300;\">CAMPING\u00a0: LE BEAU VILLAGE<\/span> <em><br \/>\n<span\n style=\"color: #000000;\"><br \/>\nMobilheime f\u00fcr 2 bis 6 Personen, Camperstellpl\u00e4tze, Wohnwagen sowie Zelt- und Sonderstellpl\u00e4tze<\/span><\/em><br \/>\n<span\n style=\"color: #000000;\"><br \/>\n1 voie des pr\u00e9s<br \/>\n91700 Villiers sur Orge<\/span><br \/>\n<span\n style=\"color: #000000;\"><br \/>\nTel :\u00a001 60 16 17 96<\/span><br \/>\n<a href=\"https:\/\/campingaparis.com\/camping-paris-beau-village-de\/\" target=\"_blank\" rel=\"noopener noreferrer\"><br \/>\n<span\n style=\"color: #000000;\">Zur Homepage<\/span><\/a><\/p>\n<p><span\n style=\"color: #993300;\">FREMDENZIMMER : BED UND BEIGE<\/span> <em><br \/>\n<span\n style=\"color: #000000;\"><br \/>\nHaustiere werden nicht akzeptiert<\/span><\/em><br \/>\n<span\n style=\"color: #000000;\"><br \/>\n24 rue de Monvinet<br \/>\n91310 LINAS<\/span><br \/>\n<span\n style=\"color: #000000;\"><br \/>\nTel :\u00a0+33 1 69 01 30 74\u00a0oder +33\u00a06 98 42 58 75<\/span><br \/>\n<span\n style=\"color: #000000;\"><br \/>\nMail :\u00a0<a style=\"color: #000000;\" href=\"mailto:bed-and-beige@hotmail.fr\">bed-and-beige@hotmail.fr<\/a><\/span><br \/>\n<a href=\"https:\/\/www.chambres-hotes.fr\/chambres-hotes_bed-and-beige-maison-d-hotes_montlhery_h561705_de.htm\" target=\"_blank\" rel=\"noopener noreferrer\"><br \/>\n<span\n style=\"color: #000000;\">Zur Homepage<\/span><\/a><\/p>\n","protected":false},"excerpt":{"rendered":"<p><span style=\"color: #993300;\">COMFORT HOTEL<\/span><span style=\"color: #993300;\"> Montlh\u00e9ry ***<\/span><br \/>\n<em>Behindertenzugang, Wickelraum, Haustiere erlaubt, Parkplatz, restaurant, Fernseher, wifi<\/em><br \/>\n10 avenue Ettore Bugatti<br \/>\n91310 LINAS<br \/>\nTel : +33&#8230;<\/p>\n","protected":false},"author":1,"featured_media":0,"parent":0,"menu_order":0,"comment_status":"closed","ping_status":"closed","template":"","meta":[],"_links":{"self":[{"href":"http:\/\/montlhery-stetten-akm.eu\/de_DE\/wp-json\/wp\/v2\/pages\/873"}],"collection":[{"href":"http:\/\/montlhery-stetten-akm.eu\/de_DE\/wp-json\/wp\/v2\/pages"}],"about":[{"href":"http:\/\/montlhery-stetten-akm.eu\/de_DE\/wp-json\/wp\/v2\/types\/page"}],"author":[{"embeddable":true,"href":"http:\/\/montlhery-stetten-akm.eu\/de_DE\/wp-json\/wp\/v2\/users\/1"}],"replies":[{"embeddable":true,"href":"http:\/\/montlhery-stetten-akm.eu\/de_DE\/wp-json\/wp\/v2\/comments?post=873"}],"version-history":[{"count":28,"href":"http:\/\/montlhery-stetten-akm.eu\/de_DE\/wp-json\/wp\/v2\/pages\/873\/revisions"}],"predecessor-version":[{"id":985,"href":"http:\/\/montlhery-stetten-akm.eu\/de_DE\/wp-json\/wp\/v2\/pages\/873\/revisions\/985"}],"wp:attachment":[{"href":"http:\/\/montlhery-stetten-akm.eu\/de_DE\/wp-json\/wp\/v2\/media?parent=873"}],"curies":[{"name":"wp","href":"https:\/\/api.w.org\/{rel}","templated":true}]}}